{"id":941,"date":"2024-03-21T00:49:12","date_gmt":"2024-03-20T21:49:12","guid":{"rendered":"https:\/\/nebowedding.com\/?post_type=product&#038;p=941"},"modified":"2024-09-27T20:39:02","modified_gmt":"2024-09-27T17:39:02","slug":"wezen","status":"publish","type":"product","link":"https:\/\/nebowedding.com\/tr\/urun\/wezen\/","title":{"rendered":"Wezen | Gelinlik | A kesim"},"content":{"rendered":"<p>\ufe0fStraplez tasar\u0131m omuzlar\u0131n\u0131z\u0131 ve boynunuzu g\u00fczelce vurgularken, dar korsaj belinizi vurgulayarak zamans\u0131z bir sil\u00fcet yarat\u0131r. Drapeli ba\u015fl\u0131k detay\u0131 bir miktar sofistikelik ve zarafet katarak bu elbiseyi klasik romantizm ve modern \u015f\u0131kl\u0131\u011f\u0131n m\u00fckemmel bir kar\u0131\u015f\u0131m\u0131 haline getirir. Etek zarif bir \u015fekilde yere do\u011fru uzan\u0131r ve bir miktar cazibe ve hareket katan cesur bir uyluk hizas\u0131nda y\u0131rtma\u00e7 bulunur. G\u00f6r\u00fcn\u00fcm\u00fc tamamlayan \u015fey, koridorda y\u00fcr\u00fcrken dramatik ve g\u00f6rkemli bir dokunu\u015f katan, arkan\u0131zda zahmetsizce akan nefes kesici bir trendir.<\/p><p><\/p><figure class=\"wp-block-image size-large is-resized\"><img fetchpriority=\"high\" decoding=\"async\" width=\"1024\" height=\"588\" src=\"http:\/\/nebowedding.com\/wp-content\/uploads\/2024\/05\/bedentablosu.jpg\" alt=\"\" class=\"wp-image-911\" style=\"width:761px;height:auto\" srcset=\"https:\/\/nebowedding.com\/wp-content\/uploads\/2024\/05\/bedentablosu.jpg 1053w, https:\/\/nebowedding.com\/wp-content\/uploads\/2024\/05\/bedentablosu-300x236.jpg 300w, https:\/\/nebowedding.com\/wp-content\/uploads\/2024\/05\/bedentablosu-1024x805.jpg 1024w, https:\/\/nebowedding.com\/wp-content\/uploads\/2024\/05\/bedentablosu-768x604.jpg 768w, https:\/\/nebowedding.com\/wp-content\/uploads\/2024\/05\/bedentablosu-15x12.jpg 15w, https:\/\/nebowedding.com\/wp-content\/uploads\/2024\/05\/bedentablosu-600x472.jpg 600w\" sizes=\"(max-width: 1024px) 100vw, 1024px\" \/><\/figure>","protected":false},"excerpt":{"rendered":"<p>\u00d6zel dikim elbiseniz g\u00f6nderime haz\u0131r olacak\u00a0<strong>20 g\u00fcn<\/strong><\/p>","protected":false},"featured_media":1931,"template":"","meta":[],"product_cat":[87],"product_tag":[235,236,237,238,239,240,241,242,243,244,245,246,247,248,249,250,251,252],"class_list":{"0":"post-941","1":"product","2":"type-product","3":"status-publish","4":"has-post-thumbnail","6":"product_cat-a_silhouette","7":"product_tag-bridal-fashion-trends-2024","8":"product_tag-chic-wedding-look-2024","9":"product_tag-classic-beauty-bridal-gown-2024","10":"product_tag-comfortable-bridal-gown-2024","11":"product_tag-contemporary-wedding-dress-2024","12":"product_tag-designer-bridal-gown-2024","13":"product_tag-detailed-bodice-dress-2024","14":"product_tag-elegant-wedding-dress-2024","15":"product_tag-fashion-forward-bride-2024","16":"product_tag-flowing-skirt-gown-2024","17":"product_tag-front-slit-wedding-dress-2024","18":"product_tag-graceful-wedding-attire-2024","19":"product_tag-luxury-wedding-dress-2024","20":"product_tag-modern-bride-gown-2024","21":"product_tag-nebo-wedding-dress-2024","22":"product_tag-sparkling-fabric-gown-2024","23":"product_tag-timeless-bridal-gown-2024","24":"product_tag-unique-bridal-wear-2024","25":"wcpa_has_options","27":"first","28":"instock","29":"sale","30":"purchasable","31":"product-type-simple"},"aioseo_notices":[],"_links":{"self":[{"href":"https:\/\/nebowedding.com\/tr\/wp-json\/wp\/v2\/product\/941"}],"collection":[{"href":"https:\/\/nebowedding.com\/tr\/wp-json\/wp\/v2\/product"}],"about":[{"href":"https:\/\/nebowedding.com\/tr\/wp-json\/wp\/v2\/types\/product"}],"wp:featuredmedia":[{"embeddable":true,"href":"https:\/\/nebowedding.com\/tr\/wp-json\/wp\/v2\/media\/1931"}],"wp:attachment":[{"href":"https:\/\/nebowedding.com\/tr\/wp-json\/wp\/v2\/media?parent=941"}],"wp:term":[{"taxonomy":"product_cat","embeddable":true,"href":"https:\/\/nebowedding.com\/tr\/wp-json\/wp\/v2\/product_cat?post=941"},{"taxonomy":"product_tag","embeddable":true,"href":"https:\/\/nebowedding.com\/tr\/wp-json\/wp\/v2\/product_tag?post=941"}],"curies":[{"name":"wp","href":"https:\/\/api.w.org\/{rel}","templated":true}]}}