{"id":936,"date":"2024-03-21T00:47:23","date_gmt":"2024-03-20T21:47:23","guid":{"rendered":"https:\/\/nebowedding.com\/?post_type=product&#038;p=936"},"modified":"2025-06-22T20:25:27","modified_gmt":"2025-06-22T17:25:27","slug":"polaris","status":"publish","type":"product","link":"https:\/\/nebowedding.com\/tr\/urun\/polaris\/","title":{"rendered":"Polaris | Gelinlik | A kesim"},"content":{"rendered":"<p>Frans\u0131z danteli ve zarafetin muhte\u015fem bulu\u015fmas\u0131, a\u015fk hikayenizi anlatan bir gelinlik... Yumu\u015fak dantellerle s\u00fcslenmi\u015f omuzlar\u0131 a\u00e7\u0131k sil\u00fcet, kusursuz g\u00fczelli\u011finizi ortaya \u00e7\u0131kar\u0131yor. Hareketle birlikte a\u00e7\u0131lan y\u0131rtma\u00e7, modern bir dokunu\u015fla klasik esteti\u011fi bulu\u015fturuyor. Bu sadece bir gelinlik de\u011fil, en \u00f6zel g\u00fcn\u00fcn\u00fczde size e\u015flik eden anlaml\u0131 bir simge.<\/p><p><\/p><figure class=\"wp-block-image size-large is-resized\"><img fetchpriority=\"high\" decoding=\"async\" width=\"1024\" height=\"588\" src=\"http:\/\/nebowedding.com\/wp-content\/uploads\/2024\/05\/bedentablosu.jpg\" alt=\"\" class=\"wp-image-911\" style=\"width:761px;height:auto\" srcset=\"https:\/\/nebowedding.com\/wp-content\/uploads\/2024\/05\/bedentablosu.jpg 1053w, https:\/\/nebowedding.com\/wp-content\/uploads\/2024\/05\/bedentablosu-300x236.jpg 300w, https:\/\/nebowedding.com\/wp-content\/uploads\/2024\/05\/bedentablosu-1024x805.jpg 1024w, https:\/\/nebowedding.com\/wp-content\/uploads\/2024\/05\/bedentablosu-768x604.jpg 768w, https:\/\/nebowedding.com\/wp-content\/uploads\/2024\/05\/bedentablosu-15x12.jpg 15w, https:\/\/nebowedding.com\/wp-content\/uploads\/2024\/05\/bedentablosu-600x472.jpg 600w\" sizes=\"(max-width: 1024px) 100vw, 1024px\" \/><\/figure>","protected":false},"excerpt":{"rendered":"<p>\u00d6zel dikim elbiseniz g\u00f6nderime haz\u0131r olacak\u00a0<strong>20 g\u00fcn<\/strong><\/p>","protected":false},"featured_media":1768,"template":"","meta":[],"product_cat":[87],"product_tag":[235,236,237,238,239,240,241,242,243,244,245,246,247,248,249,250,251,252],"class_list":{"0":"post-936","1":"product","2":"type-product","3":"status-publish","4":"has-post-thumbnail","6":"product_cat-a_silhouette","7":"product_tag-bridal-fashion-trends-2024","8":"product_tag-chic-wedding-look-2024","9":"product_tag-classic-beauty-bridal-gown-2024","10":"product_tag-comfortable-bridal-gown-2024","11":"product_tag-contemporary-wedding-dress-2024","12":"product_tag-designer-bridal-gown-2024","13":"product_tag-detailed-bodice-dress-2024","14":"product_tag-elegant-wedding-dress-2024","15":"product_tag-fashion-forward-bride-2024","16":"product_tag-flowing-skirt-gown-2024","17":"product_tag-front-slit-wedding-dress-2024","18":"product_tag-graceful-wedding-attire-2024","19":"product_tag-luxury-wedding-dress-2024","20":"product_tag-modern-bride-gown-2024","21":"product_tag-nebo-wedding-dress-2024","22":"product_tag-sparkling-fabric-gown-2024","23":"product_tag-timeless-bridal-gown-2024","24":"product_tag-unique-bridal-wear-2024","25":"wcpa_has_options","27":"first","28":"outofstock","29":"sale","30":"purchasable","31":"product-type-simple"},"aioseo_notices":[],"_links":{"self":[{"href":"https:\/\/nebowedding.com\/tr\/wp-json\/wp\/v2\/product\/936"}],"collection":[{"href":"https:\/\/nebowedding.com\/tr\/wp-json\/wp\/v2\/product"}],"about":[{"href":"https:\/\/nebowedding.com\/tr\/wp-json\/wp\/v2\/types\/product"}],"wp:featuredmedia":[{"embeddable":true,"href":"https:\/\/nebowedding.com\/tr\/wp-json\/wp\/v2\/media\/1768"}],"wp:attachment":[{"href":"https:\/\/nebowedding.com\/tr\/wp-json\/wp\/v2\/media?parent=936"}],"wp:term":[{"taxonomy":"product_cat","embeddable":true,"href":"https:\/\/nebowedding.com\/tr\/wp-json\/wp\/v2\/product_cat?post=936"},{"taxonomy":"product_tag","embeddable":true,"href":"https:\/\/nebowedding.com\/tr\/wp-json\/wp\/v2\/product_tag?post=936"}],"curies":[{"name":"wp","href":"https:\/\/api.w.org\/{rel}","templated":true}]}}