{"id":931,"date":"2024-03-21T00:40:46","date_gmt":"2024-03-20T21:40:46","guid":{"rendered":"https:\/\/nebowedding.com\/?post_type=product&#038;p=931"},"modified":"2024-09-18T21:11:05","modified_gmt":"2024-09-18T18:11:05","slug":"sirius","status":"publish","type":"product","link":"https:\/\/nebowedding.com\/tr\/urun\/sirius\/","title":{"rendered":"Sirius | Gelinlik | Mini"},"content":{"rendered":"<p>Bu gelinlik sadece ana etkinlik i\u00e7in bir g\u00f6steri\u015f par\u00e7as\u0131 de\u011fil, ayn\u0131 zamanda m\u00fckemmel bir ikinci g\u00f6r\u00fcn\u00fcm elbisesi olarak da hizmet ediyor. \u00c7\u0131kar\u0131labilir kuyru\u011fu ve kal\u0131n fiyonklu kollar\u0131, resmi bir t\u00f6renden daha rahat bir kutlamaya sorunsuz bir ge\u00e7i\u015f i\u00e7in \u00e7ok y\u00f6nl\u00fc ve \u00e7arp\u0131c\u0131 bir se\u00e7enek sunuyor. 3 boyutlu \u00e7i\u00e7ek danteliyle s\u00fcslenmi\u015f dar korsaj ve e\u011flenceli k\u0131sa etek, d\u00fc\u011f\u00fcn k\u0131yafetinde benzersiz ve modern bir dokunu\u015f arayan bir gelin i\u00e7in ideal bir se\u00e7im haline getiriyor.<\/p><p><\/p><figure class=\"wp-block-image size-large is-resized\"><img fetchpriority=\"high\" decoding=\"async\" width=\"1024\" height=\"588\" src=\"http:\/\/nebowedding.com\/wp-content\/uploads\/2024\/05\/bedentablosu.jpg\" alt=\"\" class=\"wp-image-911\" style=\"width:761px;height:auto\" srcset=\"https:\/\/nebowedding.com\/wp-content\/uploads\/2024\/05\/bedentablosu.jpg 1053w, https:\/\/nebowedding.com\/wp-content\/uploads\/2024\/05\/bedentablosu-300x236.jpg 300w, https:\/\/nebowedding.com\/wp-content\/uploads\/2024\/05\/bedentablosu-1024x805.jpg 1024w, https:\/\/nebowedding.com\/wp-content\/uploads\/2024\/05\/bedentablosu-768x604.jpg 768w, https:\/\/nebowedding.com\/wp-content\/uploads\/2024\/05\/bedentablosu-15x12.jpg 15w, https:\/\/nebowedding.com\/wp-content\/uploads\/2024\/05\/bedentablosu-600x472.jpg 600w\" sizes=\"(max-width: 1024px) 100vw, 1024px\" \/><\/figure>","protected":false},"excerpt":{"rendered":"<p>\u00d6zel dikim elbiseniz g\u00f6nderime haz\u0131r olacak\u00a0<strong>20 g\u00fcn<\/strong><\/p>","protected":false},"featured_media":1775,"template":"","meta":[],"product_cat":[88],"product_tag":[235,236,237,238,239,240,241,242,243,244,245,246,247,248,249,250,251,252],"class_list":{"0":"post-931","1":"product","2":"type-product","3":"status-publish","4":"has-post-thumbnail","6":"product_cat-mini","7":"product_tag-bridal-fashion-trends-2024","8":"product_tag-chic-wedding-look-2024","9":"product_tag-classic-beauty-bridal-gown-2024","10":"product_tag-comfortable-bridal-gown-2024","11":"product_tag-contemporary-wedding-dress-2024","12":"product_tag-designer-bridal-gown-2024","13":"product_tag-detailed-bodice-dress-2024","14":"product_tag-elegant-wedding-dress-2024","15":"product_tag-fashion-forward-bride-2024","16":"product_tag-flowing-skirt-gown-2024","17":"product_tag-front-slit-wedding-dress-2024","18":"product_tag-graceful-wedding-attire-2024","19":"product_tag-luxury-wedding-dress-2024","20":"product_tag-modern-bride-gown-2024","21":"product_tag-nebo-wedding-dress-2024","22":"product_tag-sparkling-fabric-gown-2024","23":"product_tag-timeless-bridal-gown-2024","24":"product_tag-unique-bridal-wear-2024","25":"wcpa_has_options","27":"first","28":"instock","29":"sale","30":"purchasable","31":"product-type-simple"},"aioseo_notices":[],"_links":{"self":[{"href":"https:\/\/nebowedding.com\/tr\/wp-json\/wp\/v2\/product\/931"}],"collection":[{"href":"https:\/\/nebowedding.com\/tr\/wp-json\/wp\/v2\/product"}],"about":[{"href":"https:\/\/nebowedding.com\/tr\/wp-json\/wp\/v2\/types\/product"}],"wp:featuredmedia":[{"embeddable":true,"href":"https:\/\/nebowedding.com\/tr\/wp-json\/wp\/v2\/media\/1775"}],"wp:attachment":[{"href":"https:\/\/nebowedding.com\/tr\/wp-json\/wp\/v2\/media?parent=931"}],"wp:term":[{"taxonomy":"product_cat","embeddable":true,"href":"https:\/\/nebowedding.com\/tr\/wp-json\/wp\/v2\/product_cat?post=931"},{"taxonomy":"product_tag","embeddable":true,"href":"https:\/\/nebowedding.com\/tr\/wp-json\/wp\/v2\/product_tag?post=931"}],"curies":[{"name":"wp","href":"https:\/\/api.w.org\/{rel}","templated":true}]}}