{"id":921,"date":"2024-03-21T00:28:54","date_gmt":"2024-03-20T21:28:54","guid":{"rendered":"https:\/\/nebowedding.com\/?post_type=product&#038;p=921"},"modified":"2024-09-18T21:11:46","modified_gmt":"2024-09-18T18:11:46","slug":"w8a","status":"publish","type":"product","link":"https:\/\/nebowedding.com\/tr\/urun\/w8a\/","title":{"rendered":"W8a | Gelinlik | Mini"},"content":{"rendered":"<p>Narin danteller, g\u00f6z al\u0131c\u0131 inciler ve boncuklar...\n\nNarin danteller, g\u00f6z al\u0131c\u0131 inciler ve boncuklar... Her ayr\u0131nt\u0131 \u0131\u015f\u0131l \u0131\u015f\u0131l parl\u0131yor. Geleneksel ve modern \u00e7izgiler m\u00fckemmel bir uyum i\u00e7inde bulu\u015fuyor. D\u00f6k\u00fcml\u00fc kollar romantik ve b\u00fcy\u00fcleyici bir sil\u00fcet yarat\u0131yor. Sadece bir elbise de\u011fil, unutulmaz bir an\u0131... En \u00f6zel g\u00fcn\u00fcn\u00fczde \u0131\u015f\u0131l \u0131\u015f\u0131l parlay\u0131n ve \"Evet\" derken kendinizi ola\u011fan\u00fcst\u00fc hissedin.<\/p><p><\/p><figure class=\"wp-block-image size-large is-resized\"><img fetchpriority=\"high\" decoding=\"async\" width=\"1024\" height=\"588\" src=\"http:\/\/nebowedding.com\/wp-content\/uploads\/2024\/05\/bedentablosu.jpg\" alt=\"\" class=\"wp-image-911\" style=\"width:761px;height:auto\" srcset=\"https:\/\/nebowedding.com\/wp-content\/uploads\/2024\/05\/bedentablosu.jpg 1053w, https:\/\/nebowedding.com\/wp-content\/uploads\/2024\/05\/bedentablosu-300x236.jpg 300w, https:\/\/nebowedding.com\/wp-content\/uploads\/2024\/05\/bedentablosu-1024x805.jpg 1024w, https:\/\/nebowedding.com\/wp-content\/uploads\/2024\/05\/bedentablosu-768x604.jpg 768w, https:\/\/nebowedding.com\/wp-content\/uploads\/2024\/05\/bedentablosu-15x12.jpg 15w, https:\/\/nebowedding.com\/wp-content\/uploads\/2024\/05\/bedentablosu-600x472.jpg 600w\" sizes=\"(max-width: 1024px) 100vw, 1024px\" \/><\/figure>","protected":false},"excerpt":{"rendered":"<p>\u00d6zel dikim elbiseniz g\u00f6nderime haz\u0131r olacak\u00a0<strong>20 g\u00fcn<\/strong><\/p>","protected":false},"featured_media":1781,"template":"","meta":[],"product_cat":[87,88],"product_tag":[235,236,237,238,239,240,241,242,243,244,245,246,247,248,249,250,251,252],"class_list":{"0":"post-921","1":"product","2":"type-product","3":"status-publish","4":"has-post-thumbnail","6":"product_cat-a_silhouette","7":"product_cat-mini","8":"product_tag-bridal-fashion-trends-2024","9":"product_tag-chic-wedding-look-2024","10":"product_tag-classic-beauty-bridal-gown-2024","11":"product_tag-comfortable-bridal-gown-2024","12":"product_tag-contemporary-wedding-dress-2024","13":"product_tag-designer-bridal-gown-2024","14":"product_tag-detailed-bodice-dress-2024","15":"product_tag-elegant-wedding-dress-2024","16":"product_tag-fashion-forward-bride-2024","17":"product_tag-flowing-skirt-gown-2024","18":"product_tag-front-slit-wedding-dress-2024","19":"product_tag-graceful-wedding-attire-2024","20":"product_tag-luxury-wedding-dress-2024","21":"product_tag-modern-bride-gown-2024","22":"product_tag-nebo-wedding-dress-2024","23":"product_tag-sparkling-fabric-gown-2024","24":"product_tag-timeless-bridal-gown-2024","25":"product_tag-unique-bridal-wear-2024","26":"wcpa_has_options","28":"first","29":"instock","30":"sale","31":"purchasable","32":"product-type-simple"},"aioseo_notices":[],"_links":{"self":[{"href":"https:\/\/nebowedding.com\/tr\/wp-json\/wp\/v2\/product\/921"}],"collection":[{"href":"https:\/\/nebowedding.com\/tr\/wp-json\/wp\/v2\/product"}],"about":[{"href":"https:\/\/nebowedding.com\/tr\/wp-json\/wp\/v2\/types\/product"}],"wp:featuredmedia":[{"embeddable":true,"href":"https:\/\/nebowedding.com\/tr\/wp-json\/wp\/v2\/media\/1781"}],"wp:attachment":[{"href":"https:\/\/nebowedding.com\/tr\/wp-json\/wp\/v2\/media?parent=921"}],"wp:term":[{"taxonomy":"product_cat","embeddable":true,"href":"https:\/\/nebowedding.com\/tr\/wp-json\/wp\/v2\/product_cat?post=921"},{"taxonomy":"product_tag","embeddable":true,"href":"https:\/\/nebowedding.com\/tr\/wp-json\/wp\/v2\/product_tag?post=921"}],"curies":[{"name":"wp","href":"https:\/\/api.w.org\/{rel}","templated":true}]}}