{"id":916,"date":"2024-03-21T00:22:39","date_gmt":"2024-03-20T21:22:39","guid":{"rendered":"https:\/\/nebowedding.com\/?post_type=product&#038;p=916"},"modified":"2024-09-18T21:12:03","modified_gmt":"2024-09-18T18:12:03","slug":"vega","status":"publish","type":"product","link":"https:\/\/nebowedding.com\/tr\/urun\/vega\/","title":{"rendered":"Vega | Gelinlik | Denizk\u0131z\u0131"},"content":{"rendered":"<p>Sadeli\u011fin ve zarafetin bulu\u015fmas\u0131...\n\n\u0130nce dantel, g\u00f6z kama\u015ft\u0131r\u0131c\u0131 bir etki yarat\u0131r.  \nV\u00fccuda oturan b\u00fcstiyer ve d\u00f6k\u00fcml\u00fc etek, kusursuz bir siluet olu\u015fturur.\nDramatik 3 boyutlu \u00e7i\u00e7ekler, gelinli\u011fimize sofistike bir dokunu\u015f ekler. \nKlasik ve modernin m\u00fckemmel uyumu...\n\nMasals\u0131 bir d\u00fc\u011f\u00fcn i\u00e7in ideal se\u00e7im.<\/p><figure class=\"wp-block-image size-large is-resized\"><img fetchpriority=\"high\" decoding=\"async\" width=\"1024\" height=\"588\" src=\"http:\/\/nebowedding.com\/wp-content\/uploads\/2024\/05\/bedentablosu.jpg\" alt=\"\" class=\"wp-image-911\" style=\"width:761px;height:auto\" srcset=\"https:\/\/nebowedding.com\/wp-content\/uploads\/2024\/05\/bedentablosu.jpg 1053w, https:\/\/nebowedding.com\/wp-content\/uploads\/2024\/05\/bedentablosu-300x236.jpg 300w, https:\/\/nebowedding.com\/wp-content\/uploads\/2024\/05\/bedentablosu-1024x805.jpg 1024w, https:\/\/nebowedding.com\/wp-content\/uploads\/2024\/05\/bedentablosu-768x604.jpg 768w, https:\/\/nebowedding.com\/wp-content\/uploads\/2024\/05\/bedentablosu-15x12.jpg 15w, https:\/\/nebowedding.com\/wp-content\/uploads\/2024\/05\/bedentablosu-600x472.jpg 600w\" sizes=\"(max-width: 1024px) 100vw, 1024px\" \/><\/figure>","protected":false},"excerpt":{"rendered":"<p>\u00d6zel dikim elbiseniz g\u00f6nderime haz\u0131r olacak\u00a0<strong>20 g\u00fcn<\/strong><\/p>","protected":false},"featured_media":1786,"template":"","meta":[],"product_cat":[25],"product_tag":[235,236,237,238,239,240,241,242,243,244,245,246,247,248,249,250,251,252],"class_list":{"0":"post-916","1":"product","2":"type-product","3":"status-publish","4":"has-post-thumbnail","6":"product_cat-mermaid","7":"product_tag-bridal-fashion-trends-2024","8":"product_tag-chic-wedding-look-2024","9":"product_tag-classic-beauty-bridal-gown-2024","10":"product_tag-comfortable-bridal-gown-2024","11":"product_tag-contemporary-wedding-dress-2024","12":"product_tag-designer-bridal-gown-2024","13":"product_tag-detailed-bodice-dress-2024","14":"product_tag-elegant-wedding-dress-2024","15":"product_tag-fashion-forward-bride-2024","16":"product_tag-flowing-skirt-gown-2024","17":"product_tag-front-slit-wedding-dress-2024","18":"product_tag-graceful-wedding-attire-2024","19":"product_tag-luxury-wedding-dress-2024","20":"product_tag-modern-bride-gown-2024","21":"product_tag-nebo-wedding-dress-2024","22":"product_tag-sparkling-fabric-gown-2024","23":"product_tag-timeless-bridal-gown-2024","24":"product_tag-unique-bridal-wear-2024","25":"wcpa_has_options","27":"first","28":"instock","29":"sale","30":"purchasable","31":"product-type-simple"},"aioseo_notices":[],"_links":{"self":[{"href":"https:\/\/nebowedding.com\/tr\/wp-json\/wp\/v2\/product\/916"}],"collection":[{"href":"https:\/\/nebowedding.com\/tr\/wp-json\/wp\/v2\/product"}],"about":[{"href":"https:\/\/nebowedding.com\/tr\/wp-json\/wp\/v2\/types\/product"}],"wp:featuredmedia":[{"embeddable":true,"href":"https:\/\/nebowedding.com\/tr\/wp-json\/wp\/v2\/media\/1786"}],"wp:attachment":[{"href":"https:\/\/nebowedding.com\/tr\/wp-json\/wp\/v2\/media?parent=916"}],"wp:term":[{"taxonomy":"product_cat","embeddable":true,"href":"https:\/\/nebowedding.com\/tr\/wp-json\/wp\/v2\/product_cat?post=916"},{"taxonomy":"product_tag","embeddable":true,"href":"https:\/\/nebowedding.com\/tr\/wp-json\/wp\/v2\/product_tag?post=916"}],"curies":[{"name":"wp","href":"https:\/\/api.w.org\/{rel}","templated":true}]}}