{"id":1923,"date":"2024-09-14T17:36:51","date_gmt":"2024-09-14T14:36:51","guid":{"rendered":"https:\/\/nebowedding.com\/?post_type=product&#038;p=1923"},"modified":"2024-09-18T20:58:16","modified_gmt":"2024-09-18T17:58:16","slug":"rigel-for-the-pregnant-bride","status":"publish","type":"product","link":"https:\/\/nebowedding.com\/tr\/urun\/rigel-for-the-pregnant-bride\/","title":{"rendered":"Rigel | Gelinlik | hamile gelin i\u00e7in"},"content":{"rendered":"<p>Elbise k\u0131r\u0131k beyaz renktedir ve k\u0131sa, d\u00f6k\u00fcml\u00fc bir korse tasar\u0131m\u0131na sahiptir. Kal\u0131n, d\u00f6k\u00fcml\u00fc ask\u0131lar, diki\u015ften sonra arkada bir &quot;melek kanatlar\u0131&quot; etkisi yaratarak ete\u011fin \u00fczerine g\u00fczel bir ak\u0131\u015f sa\u011flar. Etek, g\u00f6\u011fs\u00fcn hemen alt\u0131na dikilir. \u00d6n\u00fc k\u0131sad\u0131r ve arkada bir trene d\u00f6n\u00fc\u015f\u00fcr.<\/p><figure class=\"wp-block-image size-large is-resized\"><img fetchpriority=\"high\" decoding=\"async\" width=\"1024\" height=\"588\" src=\"http:\/\/nebowedding.com\/wp-content\/uploads\/2024\/05\/bedentablosu.jpg\" alt=\"\" class=\"wp-image-911\" style=\"width:761px;height:auto\" srcset=\"https:\/\/nebowedding.com\/wp-content\/uploads\/2024\/05\/bedentablosu.jpg 1053w, https:\/\/nebowedding.com\/wp-content\/uploads\/2024\/05\/bedentablosu-300x236.jpg 300w, https:\/\/nebowedding.com\/wp-content\/uploads\/2024\/05\/bedentablosu-1024x805.jpg 1024w, https:\/\/nebowedding.com\/wp-content\/uploads\/2024\/05\/bedentablosu-768x604.jpg 768w, https:\/\/nebowedding.com\/wp-content\/uploads\/2024\/05\/bedentablosu-15x12.jpg 15w, https:\/\/nebowedding.com\/wp-content\/uploads\/2024\/05\/bedentablosu-600x472.jpg 600w\" sizes=\"(max-width: 1024px) 100vw, 1024px\" \/><\/figure>","protected":false},"excerpt":{"rendered":"<p>\u00d6zel dikim elbiseniz g\u00f6nderime haz\u0131r olacak\u00a0<strong>20 g\u00fcn<\/strong><\/p>","protected":false},"featured_media":1927,"template":"","meta":[],"product_cat":[87,89,88],"product_tag":[235,236,237,238,239,240,241,242,243,244,245,246,247,248,249,250,251,252],"class_list":{"0":"post-1923","1":"product","2":"type-product","3":"status-publish","4":"has-post-thumbnail","6":"product_cat-a_silhouette","7":"product_cat-all_styles","8":"product_cat-mini","9":"product_tag-bridal-fashion-trends-2024","10":"product_tag-chic-wedding-look-2024","11":"product_tag-classic-beauty-bridal-gown-2024","12":"product_tag-comfortable-bridal-gown-2024","13":"product_tag-contemporary-wedding-dress-2024","14":"product_tag-designer-bridal-gown-2024","15":"product_tag-detailed-bodice-dress-2024","16":"product_tag-elegant-wedding-dress-2024","17":"product_tag-fashion-forward-bride-2024","18":"product_tag-flowing-skirt-gown-2024","19":"product_tag-front-slit-wedding-dress-2024","20":"product_tag-graceful-wedding-attire-2024","21":"product_tag-luxury-wedding-dress-2024","22":"product_tag-modern-bride-gown-2024","23":"product_tag-nebo-wedding-dress-2024","24":"product_tag-sparkling-fabric-gown-2024","25":"product_tag-timeless-bridal-gown-2024","26":"product_tag-unique-bridal-wear-2024","27":"wcpa_has_options","29":"first","30":"instock","31":"sale","32":"purchasable","33":"product-type-simple"},"aioseo_notices":[],"_links":{"self":[{"href":"https:\/\/nebowedding.com\/tr\/wp-json\/wp\/v2\/product\/1923"}],"collection":[{"href":"https:\/\/nebowedding.com\/tr\/wp-json\/wp\/v2\/product"}],"about":[{"href":"https:\/\/nebowedding.com\/tr\/wp-json\/wp\/v2\/types\/product"}],"wp:featuredmedia":[{"embeddable":true,"href":"https:\/\/nebowedding.com\/tr\/wp-json\/wp\/v2\/media\/1927"}],"wp:attachment":[{"href":"https:\/\/nebowedding.com\/tr\/wp-json\/wp\/v2\/media?parent=1923"}],"wp:term":[{"taxonomy":"product_cat","embeddable":true,"href":"https:\/\/nebowedding.com\/tr\/wp-json\/wp\/v2\/product_cat?post=1923"},{"taxonomy":"product_tag","embeddable":true,"href":"https:\/\/nebowedding.com\/tr\/wp-json\/wp\/v2\/product_tag?post=1923"}],"curies":[{"name":"wp","href":"https:\/\/api.w.org\/{rel}","templated":true}]}}