{"id":1898,"date":"2024-09-14T16:43:43","date_gmt":"2024-09-14T13:43:43","guid":{"rendered":"https:\/\/nebowedding.com\/?post_type=product&#038;p=1898"},"modified":"2024-09-18T21:07:31","modified_gmt":"2024-09-18T18:07:31","slug":"merak","status":"publish","type":"product","link":"https:\/\/nebowedding.com\/tr\/urun\/merak\/","title":{"rendered":"Merak | Gelinlik | Balo Elbisesi"},"content":{"rendered":"<p>Prenses elbiselerinin ihti\u015fam\u0131n\u0131 sergileyen ask\u0131s\u0131z bir gelinlik. Dantel ve d\u00f6k\u00fcml\u00fc bir korseye sahiptir. Narin dantel s\u00fcslemeler korseden ete\u011fe zarif\u00e7e iner. Kolsuz, ask\u0131s\u0131z \u00fcst, g\u00f6\u011fs\u00fc \u00f6rtecek \u015fekilde tasarlanm\u0131\u015ft\u0131r. Prenses kesim ete\u011fiyle \u00e7arp\u0131c\u0131 ve masals\u0131 bir etki yarat\u0131r.<\/p><figure class=\"wp-block-image size-large is-resized\"><img fetchpriority=\"high\" decoding=\"async\" width=\"1024\" height=\"588\" src=\"http:\/\/nebowedding.com\/wp-content\/uploads\/2024\/05\/bedentablosu.jpg\" alt=\"\" class=\"wp-image-911\" style=\"width:761px;height:auto\" srcset=\"https:\/\/nebowedding.com\/wp-content\/uploads\/2024\/05\/bedentablosu.jpg 1053w, https:\/\/nebowedding.com\/wp-content\/uploads\/2024\/05\/bedentablosu-300x236.jpg 300w, https:\/\/nebowedding.com\/wp-content\/uploads\/2024\/05\/bedentablosu-1024x805.jpg 1024w, https:\/\/nebowedding.com\/wp-content\/uploads\/2024\/05\/bedentablosu-768x604.jpg 768w, https:\/\/nebowedding.com\/wp-content\/uploads\/2024\/05\/bedentablosu-15x12.jpg 15w, https:\/\/nebowedding.com\/wp-content\/uploads\/2024\/05\/bedentablosu-600x472.jpg 600w\" sizes=\"(max-width: 1024px) 100vw, 1024px\" \/><\/figure>","protected":false},"excerpt":{"rendered":"<p>\u00d6zel dikim elbiseniz g\u00f6nderime haz\u0131r olacak\u00a0<strong>20 g\u00fcn<\/strong><\/p>","protected":false},"featured_media":1902,"template":"","meta":[],"product_cat":[87,89],"product_tag":[235,236,237,238,239,240,241,242,243,244,245,246,247,248,249,250,251,252],"class_list":{"0":"post-1898","1":"product","2":"type-product","3":"status-publish","4":"has-post-thumbnail","6":"product_cat-a_silhouette","7":"product_cat-all_styles","8":"product_tag-bridal-fashion-trends-2024","9":"product_tag-chic-wedding-look-2024","10":"product_tag-classic-beauty-bridal-gown-2024","11":"product_tag-comfortable-bridal-gown-2024","12":"product_tag-contemporary-wedding-dress-2024","13":"product_tag-designer-bridal-gown-2024","14":"product_tag-detailed-bodice-dress-2024","15":"product_tag-elegant-wedding-dress-2024","16":"product_tag-fashion-forward-bride-2024","17":"product_tag-flowing-skirt-gown-2024","18":"product_tag-front-slit-wedding-dress-2024","19":"product_tag-graceful-wedding-attire-2024","20":"product_tag-luxury-wedding-dress-2024","21":"product_tag-modern-bride-gown-2024","22":"product_tag-nebo-wedding-dress-2024","23":"product_tag-sparkling-fabric-gown-2024","24":"product_tag-timeless-bridal-gown-2024","25":"product_tag-unique-bridal-wear-2024","26":"wcpa_has_options","28":"first","29":"instock","30":"sale","31":"purchasable","32":"product-type-simple"},"aioseo_notices":[],"_links":{"self":[{"href":"https:\/\/nebowedding.com\/tr\/wp-json\/wp\/v2\/product\/1898"}],"collection":[{"href":"https:\/\/nebowedding.com\/tr\/wp-json\/wp\/v2\/product"}],"about":[{"href":"https:\/\/nebowedding.com\/tr\/wp-json\/wp\/v2\/types\/product"}],"wp:featuredmedia":[{"embeddable":true,"href":"https:\/\/nebowedding.com\/tr\/wp-json\/wp\/v2\/media\/1902"}],"wp:attachment":[{"href":"https:\/\/nebowedding.com\/tr\/wp-json\/wp\/v2\/media?parent=1898"}],"wp:term":[{"taxonomy":"product_cat","embeddable":true,"href":"https:\/\/nebowedding.com\/tr\/wp-json\/wp\/v2\/product_cat?post=1898"},{"taxonomy":"product_tag","embeddable":true,"href":"https:\/\/nebowedding.com\/tr\/wp-json\/wp\/v2\/product_tag?post=1898"}],"curies":[{"name":"wp","href":"https:\/\/api.w.org\/{rel}","templated":true}]}}