{"id":1862,"date":"2024-05-21T23:56:04","date_gmt":"2024-05-21T20:56:04","guid":{"rendered":"https:\/\/nebowedding.com\/?post_type=product&#038;p=1862"},"modified":"2024-09-18T21:09:29","modified_gmt":"2024-09-18T18:09:29","slug":"golsea","status":"publish","type":"product","link":"https:\/\/nebowedding.com\/tr\/urun\/golsea\/","title":{"rendered":"Golsea | Gelinlik | Mini"},"content":{"rendered":"<p>Bu gelinlik, modernli\u011fin ve d\u00f6n\u00fc\u015f\u00fcm\u00fcn g\u00f6z kama\u015ft\u0131r\u0131c\u0131 bir g\u00f6stergesidir. Boncuk ve inci i\u015flemelerden olu\u015fan kuma\u015f her harekette parlayarak gelinin \u0131\u015f\u0131lt\u0131l\u0131 enerjisini yans\u0131t\u0131yor. Yenilik\u00e7i tasar\u0131m, zarif bal\u0131k etekli siluetten g\u00f6steri\u015fli bir mini elbiseye kusursuz bir ge\u00e7i\u015f sa\u011flayan \u00e7\u0131kar\u0131labilir bir alt ete\u011fe sahiptir. Bu elbise sadece bir k\u0131yafet de\u011fil, ayn\u0131 zamanda gelinin d\u00fc\u011f\u00fcn g\u00fcn\u00fcnde hem ihti\u015fam hem de e\u011flenceli \u00e7ekicilik arzusuna uyum sa\u011flayan \u00e7ok y\u00f6nl\u00fc, iddial\u0131 bir par\u00e7ad\u0131r.<\/p><p><\/p><figure class=\"wp-block-image size-large is-resized\"><img fetchpriority=\"high\" decoding=\"async\" width=\"1024\" height=\"588\" src=\"http:\/\/nebowedding.com\/wp-content\/uploads\/2024\/05\/bedentablosu.jpg\" alt=\"\" class=\"wp-image-911\" style=\"width:750px\" srcset=\"https:\/\/nebowedding.com\/wp-content\/uploads\/2024\/05\/bedentablosu.jpg 1053w, https:\/\/nebowedding.com\/wp-content\/uploads\/2024\/05\/bedentablosu-300x236.jpg 300w, https:\/\/nebowedding.com\/wp-content\/uploads\/2024\/05\/bedentablosu-1024x805.jpg 1024w, https:\/\/nebowedding.com\/wp-content\/uploads\/2024\/05\/bedentablosu-768x604.jpg 768w, https:\/\/nebowedding.com\/wp-content\/uploads\/2024\/05\/bedentablosu-15x12.jpg 15w, https:\/\/nebowedding.com\/wp-content\/uploads\/2024\/05\/bedentablosu-600x472.jpg 600w\" sizes=\"(max-width: 1024px) 100vw, 1024px\" \/><\/figure>","protected":false},"excerpt":{"rendered":"<p>\u00d6zel dikim elbiseniz g\u00f6nderime haz\u0131r olacak\u00a0<strong>20 g\u00fcn<\/strong><\/p>","protected":false},"featured_media":1874,"template":"","meta":[],"product_cat":[89,88],"product_tag":[235,236,237,238,239,240,241,242,243,244,245,246,247,248,249,250,251,252],"class_list":{"0":"post-1862","1":"product","2":"type-product","3":"status-publish","4":"has-post-thumbnail","6":"product_cat-all_styles","7":"product_cat-mini","8":"product_tag-bridal-fashion-trends-2024","9":"product_tag-chic-wedding-look-2024","10":"product_tag-classic-beauty-bridal-gown-2024","11":"product_tag-comfortable-bridal-gown-2024","12":"product_tag-contemporary-wedding-dress-2024","13":"product_tag-designer-bridal-gown-2024","14":"product_tag-detailed-bodice-dress-2024","15":"product_tag-elegant-wedding-dress-2024","16":"product_tag-fashion-forward-bride-2024","17":"product_tag-flowing-skirt-gown-2024","18":"product_tag-front-slit-wedding-dress-2024","19":"product_tag-graceful-wedding-attire-2024","20":"product_tag-luxury-wedding-dress-2024","21":"product_tag-modern-bride-gown-2024","22":"product_tag-nebo-wedding-dress-2024","23":"product_tag-sparkling-fabric-gown-2024","24":"product_tag-timeless-bridal-gown-2024","25":"product_tag-unique-bridal-wear-2024","26":"wcpa_has_options","28":"first","29":"instock","30":"sale","31":"purchasable","32":"product-type-simple"},"aioseo_notices":[],"_links":{"self":[{"href":"https:\/\/nebowedding.com\/tr\/wp-json\/wp\/v2\/product\/1862"}],"collection":[{"href":"https:\/\/nebowedding.com\/tr\/wp-json\/wp\/v2\/product"}],"about":[{"href":"https:\/\/nebowedding.com\/tr\/wp-json\/wp\/v2\/types\/product"}],"wp:featuredmedia":[{"embeddable":true,"href":"https:\/\/nebowedding.com\/tr\/wp-json\/wp\/v2\/media\/1874"}],"wp:attachment":[{"href":"https:\/\/nebowedding.com\/tr\/wp-json\/wp\/v2\/media?parent=1862"}],"wp:term":[{"taxonomy":"product_cat","embeddable":true,"href":"https:\/\/nebowedding.com\/tr\/wp-json\/wp\/v2\/product_cat?post=1862"},{"taxonomy":"product_tag","embeddable":true,"href":"https:\/\/nebowedding.com\/tr\/wp-json\/wp\/v2\/product_tag?post=1862"}],"curies":[{"name":"wp","href":"https:\/\/api.w.org\/{rel}","templated":true}]}}