{"id":1803,"date":"2024-05-11T16:40:27","date_gmt":"2024-05-11T13:40:27","guid":{"rendered":"https:\/\/nebowedding.com\/?post_type=product&#038;p=1803"},"modified":"2024-09-18T21:09:56","modified_gmt":"2024-09-18T18:09:56","slug":"shea","status":"publish","type":"product","link":"https:\/\/nebowedding.com\/tr\/urun\/shea\/","title":{"rendered":"Shea | Gelinlik | Denizk\u0131z\u0131"},"content":{"rendered":"<p>Bu b\u00fcy\u00fcleyici elbise, kar beyaz\u0131 rengi ve sofistike tasar\u0131m\u0131yla b\u00fcy\u00fcl\u00fcyor. Korsaj, g\u00f6z kama\u015ft\u0131r\u0131c\u0131 bir etki yaratacak \u015fekilde \u0131\u015f\u0131lt\u0131l\u0131 kristallerle g\u00fczel bir \u015fekilde s\u00fcslendi. Zarif perdelik \u00fcst k\u0131sm\u0131 s\u00fcsleyerek silueti klasik bir zarafet dokunu\u015fuyla zenginle\u015ftiriyor. Ete\u011fin alt k\u0131sm\u0131, cesur ve romantik bir hava katan b\u00fcy\u00fck boy \u00e7i\u00e7eklerle ger\u00e7ek bir dikkat \u00e7ekicidir. Bu \u00e7i\u00e7ek vurgular\u0131, elbisenin hacimli ve f\u0131rf\u0131rl\u0131 tasar\u0131m\u0131na katk\u0131da bulunarak onu \u00f6zel g\u00fcn\u00fcn\u00fcz i\u00e7in nefes kesici bir par\u00e7a haline getiriyor!<\/p><figure class=\"wp-block-image size-large is-resized\"><img fetchpriority=\"high\" decoding=\"async\" width=\"1024\" height=\"588\" src=\"http:\/\/nebowedding.com\/wp-content\/uploads\/2024\/05\/bedentablosu.jpg\" alt=\"\" class=\"wp-image-911\" style=\"width:750px\" srcset=\"https:\/\/nebowedding.com\/wp-content\/uploads\/2024\/05\/bedentablosu.jpg 1053w, https:\/\/nebowedding.com\/wp-content\/uploads\/2024\/05\/bedentablosu-300x236.jpg 300w, https:\/\/nebowedding.com\/wp-content\/uploads\/2024\/05\/bedentablosu-1024x805.jpg 1024w, https:\/\/nebowedding.com\/wp-content\/uploads\/2024\/05\/bedentablosu-768x604.jpg 768w, https:\/\/nebowedding.com\/wp-content\/uploads\/2024\/05\/bedentablosu-15x12.jpg 15w, https:\/\/nebowedding.com\/wp-content\/uploads\/2024\/05\/bedentablosu-600x472.jpg 600w\" sizes=\"(max-width: 1024px) 100vw, 1024px\" \/><\/figure>","protected":false},"excerpt":{"rendered":"<p>\u00d6zel dikim elbiseniz g\u00f6nderime haz\u0131r olacak\u00a0<strong>20 g\u00fcn<\/strong><\/p>","protected":false},"featured_media":1868,"template":"","meta":[],"product_cat":[25,89],"product_tag":[235,236,237,238,239,240,241,242,243,244,245,246,247,248,249,250,251,252],"class_list":{"0":"post-1803","1":"product","2":"type-product","3":"status-publish","4":"has-post-thumbnail","6":"product_cat-mermaid","7":"product_cat-all_styles","8":"product_tag-bridal-fashion-trends-2024","9":"product_tag-chic-wedding-look-2024","10":"product_tag-classic-beauty-bridal-gown-2024","11":"product_tag-comfortable-bridal-gown-2024","12":"product_tag-contemporary-wedding-dress-2024","13":"product_tag-designer-bridal-gown-2024","14":"product_tag-detailed-bodice-dress-2024","15":"product_tag-elegant-wedding-dress-2024","16":"product_tag-fashion-forward-bride-2024","17":"product_tag-flowing-skirt-gown-2024","18":"product_tag-front-slit-wedding-dress-2024","19":"product_tag-graceful-wedding-attire-2024","20":"product_tag-luxury-wedding-dress-2024","21":"product_tag-modern-bride-gown-2024","22":"product_tag-nebo-wedding-dress-2024","23":"product_tag-sparkling-fabric-gown-2024","24":"product_tag-timeless-bridal-gown-2024","25":"product_tag-unique-bridal-wear-2024","26":"wcpa_has_options","28":"first","29":"instock","30":"sale","31":"purchasable","32":"product-type-simple"},"aioseo_notices":[],"_links":{"self":[{"href":"https:\/\/nebowedding.com\/tr\/wp-json\/wp\/v2\/product\/1803"}],"collection":[{"href":"https:\/\/nebowedding.com\/tr\/wp-json\/wp\/v2\/product"}],"about":[{"href":"https:\/\/nebowedding.com\/tr\/wp-json\/wp\/v2\/types\/product"}],"wp:featuredmedia":[{"embeddable":true,"href":"https:\/\/nebowedding.com\/tr\/wp-json\/wp\/v2\/media\/1868"}],"wp:attachment":[{"href":"https:\/\/nebowedding.com\/tr\/wp-json\/wp\/v2\/media?parent=1803"}],"wp:term":[{"taxonomy":"product_cat","embeddable":true,"href":"https:\/\/nebowedding.com\/tr\/wp-json\/wp\/v2\/product_cat?post=1803"},{"taxonomy":"product_tag","embeddable":true,"href":"https:\/\/nebowedding.com\/tr\/wp-json\/wp\/v2\/product_tag?post=1803"}],"curies":[{"name":"wp","href":"https:\/\/api.w.org\/{rel}","templated":true}]}}