{"id":1794,"date":"2024-05-04T23:58:58","date_gmt":"2024-05-04T20:58:58","guid":{"rendered":"https:\/\/nebowedding.com\/?post_type=product&#038;p=1794"},"modified":"2024-09-18T21:10:19","modified_gmt":"2024-09-18T18:10:19","slug":"porrima","status":"publish","type":"product","link":"https:\/\/nebowedding.com\/tr\/urun\/porrima\/","title":{"rendered":"Porrima | Gelinlik | A kesim"},"content":{"rendered":"<p>\u015e\u0131k Kum Saati Gelinlik modelimiz ile zarafetin somut \u00f6rne\u011fini ke\u015ffedin. Zarif korse beli \u015fekillendirirken, b\u00fcstiyer \u00e7i\u00e7ek vurgular\u0131 ile modern bir dokunu\u015f kat\u0131yor. \u0130ste\u011fe ba\u011fl\u0131 t\u00fcl kollar hem k\u0131r d\u00fc\u011f\u00fcnleri hem de kapal\u0131 alan d\u00fc\u011f\u00fcnleri i\u00e7in m\u00fckemmeldir. Bu gelinlik, se\u00e7ici gelin adaylar\u0131 i\u00e7in rahatl\u0131k ve stil vaat ediyor.<\/p><p>Etek yumu\u015fak t\u00fcl ve karma\u015f\u0131k dantel katmanlar\u0131ndan yap\u0131lm\u0131\u015ft\u0131r. Dramatik ama zarif bir etki yaratmak i\u00e7in \u00f6zenle yerle\u015ftirilmi\u015f cesur \u00e7i\u00e7ek desenleriyle s\u00fcslenmi\u015ftir.<\/p><p>Korse ve etek birlikte, \u00e7ok y\u00f6nl\u00fcl\u00fc\u011fe ve ki\u015fisel ifadeye olanak tan\u0131yan uyumlu bir gelin g\u00f6r\u00fcn\u00fcm\u00fc yarat\u0131yor. Gelin, ete\u011fini de\u011fi\u015ftirerek resmi bir t\u00f6renden daha rahat bir davete zahmetsizce ge\u00e7i\u015f yapabilir, bu da \u00f6zel g\u00fcn\u00fcnde konfor ve stil sahibi olmas\u0131n\u0131 sa\u011flar.<\/p><p><\/p><figure class=\"wp-block-image size-large is-resized\"><img fetchpriority=\"high\" decoding=\"async\" width=\"1024\" height=\"588\" src=\"http:\/\/nebowedding.com\/wp-content\/uploads\/2024\/05\/bedentablosu.jpg\" alt=\"\" class=\"wp-image-911\" style=\"width:750px\" srcset=\"https:\/\/nebowedding.com\/wp-content\/uploads\/2024\/05\/bedentablosu.jpg 1053w, https:\/\/nebowedding.com\/wp-content\/uploads\/2024\/05\/bedentablosu-300x236.jpg 300w, https:\/\/nebowedding.com\/wp-content\/uploads\/2024\/05\/bedentablosu-1024x805.jpg 1024w, https:\/\/nebowedding.com\/wp-content\/uploads\/2024\/05\/bedentablosu-768x604.jpg 768w, https:\/\/nebowedding.com\/wp-content\/uploads\/2024\/05\/bedentablosu-15x12.jpg 15w, https:\/\/nebowedding.com\/wp-content\/uploads\/2024\/05\/bedentablosu-600x472.jpg 600w\" sizes=\"(max-width: 1024px) 100vw, 1024px\" \/><\/figure>","protected":false},"excerpt":{"rendered":"<p>\u00d6zel dikim elbiseniz g\u00f6nderime haz\u0131r olacak\u00a0<strong>20 g\u00fcn<\/strong><\/p>","protected":false},"featured_media":1799,"template":"","meta":[],"product_cat":[87,89],"product_tag":[235,236,237,238,239,240,241,242,243,244,245,246,247,248,249,250,251,252],"class_list":{"0":"post-1794","1":"product","2":"type-product","3":"status-publish","4":"has-post-thumbnail","6":"product_cat-a_silhouette","7":"product_cat-all_styles","8":"product_tag-bridal-fashion-trends-2024","9":"product_tag-chic-wedding-look-2024","10":"product_tag-classic-beauty-bridal-gown-2024","11":"product_tag-comfortable-bridal-gown-2024","12":"product_tag-contemporary-wedding-dress-2024","13":"product_tag-designer-bridal-gown-2024","14":"product_tag-detailed-bodice-dress-2024","15":"product_tag-elegant-wedding-dress-2024","16":"product_tag-fashion-forward-bride-2024","17":"product_tag-flowing-skirt-gown-2024","18":"product_tag-front-slit-wedding-dress-2024","19":"product_tag-graceful-wedding-attire-2024","20":"product_tag-luxury-wedding-dress-2024","21":"product_tag-modern-bride-gown-2024","22":"product_tag-nebo-wedding-dress-2024","23":"product_tag-sparkling-fabric-gown-2024","24":"product_tag-timeless-bridal-gown-2024","25":"product_tag-unique-bridal-wear-2024","26":"wcpa_has_options","28":"first","29":"instock","30":"sale","31":"purchasable","32":"product-type-simple"},"aioseo_notices":[],"_links":{"self":[{"href":"https:\/\/nebowedding.com\/tr\/wp-json\/wp\/v2\/product\/1794"}],"collection":[{"href":"https:\/\/nebowedding.com\/tr\/wp-json\/wp\/v2\/product"}],"about":[{"href":"https:\/\/nebowedding.com\/tr\/wp-json\/wp\/v2\/types\/product"}],"wp:featuredmedia":[{"embeddable":true,"href":"https:\/\/nebowedding.com\/tr\/wp-json\/wp\/v2\/media\/1799"}],"wp:attachment":[{"href":"https:\/\/nebowedding.com\/tr\/wp-json\/wp\/v2\/media?parent=1794"}],"wp:term":[{"taxonomy":"product_cat","embeddable":true,"href":"https:\/\/nebowedding.com\/tr\/wp-json\/wp\/v2\/product_cat?post=1794"},{"taxonomy":"product_tag","embeddable":true,"href":"https:\/\/nebowedding.com\/tr\/wp-json\/wp\/v2\/product_tag?post=1794"}],"curies":[{"name":"wp","href":"https:\/\/api.w.org\/{rel}","templated":true}]}}