{"id":170,"date":"2024-03-17T18:53:55","date_gmt":"2024-03-17T15:53:55","guid":{"rendered":"https:\/\/nebowedding.com\/?post_type=product&#038;p=170"},"modified":"2025-06-22T20:29:30","modified_gmt":"2025-06-22T17:29:30","slug":"decapoda","status":"publish","type":"product","link":"https:\/\/nebowedding.com\/tr\/urun\/decapoda\/","title":{"rendered":"Decapoda | Gelinlik | A kesim"},"content":{"rendered":"<p>D\u00fc\u015f\u00fck omuzlu yakas\u0131 ve \u00e7i\u00e7ek aplikleriyle s\u00fcslenmi\u015f b\u00fcstiyer, gelinli\u011fe romantik ve sofistike bir hava kat\u0131yor. Hafif t\u00fclden yap\u0131lm\u0131\u015f y\u0131rtma\u00e7l\u0131 etek hem gizemli hem de \u015f\u0131k bir detay olarak dikkat \u00e7ekiyor. Klasik ve modern unsurlar\u0131n bu zarif birle\u015fimi, gelinin en \u00f6zel g\u00fcn\u00fcnde unutulmaz bir izlenim b\u0131rakacak bir gelinlik modeli.<\/p><p><\/p><figure class=\"wp-block-image size-full is-resized\"><img fetchpriority=\"high\" decoding=\"async\" width=\"1179\" height=\"677\" src=\"http:\/\/nebowedding.com\/wp-content\/uploads\/2024\/05\/bedentablosu.jpg\" alt=\"\" class=\"wp-image-911\" style=\"width:668px;height:auto\" srcset=\"https:\/\/nebowedding.com\/wp-content\/uploads\/2024\/05\/bedentablosu.jpg 1053w, https:\/\/nebowedding.com\/wp-content\/uploads\/2024\/05\/bedentablosu-300x236.jpg 300w, https:\/\/nebowedding.com\/wp-content\/uploads\/2024\/05\/bedentablosu-1024x805.jpg 1024w, https:\/\/nebowedding.com\/wp-content\/uploads\/2024\/05\/bedentablosu-768x604.jpg 768w, https:\/\/nebowedding.com\/wp-content\/uploads\/2024\/05\/bedentablosu-15x12.jpg 15w, https:\/\/nebowedding.com\/wp-content\/uploads\/2024\/05\/bedentablosu-600x472.jpg 600w\" sizes=\"(max-width: 1179px) 100vw, 1179px\" \/><\/figure>","protected":false},"excerpt":{"rendered":"<p>\u00d6zel dikim elbiseniz g\u00f6nderime haz\u0131r olacak\u00a0<strong>20 g\u00fcn<\/strong><\/p>","protected":false},"featured_media":1790,"template":"","meta":[],"product_cat":[87],"product_tag":[235,236,237,238,239,240,241,242,243,244,245,246,247,248,249,250,251],"class_list":{"0":"post-170","1":"product","2":"type-product","3":"status-publish","4":"has-post-thumbnail","6":"product_cat-a_silhouette","7":"product_tag-bridal-fashion-trends-2024","8":"product_tag-chic-wedding-look-2024","9":"product_tag-classic-beauty-bridal-gown-2024","10":"product_tag-comfortable-bridal-gown-2024","11":"product_tag-contemporary-wedding-dress-2024","12":"product_tag-designer-bridal-gown-2024","13":"product_tag-detailed-bodice-dress-2024","14":"product_tag-elegant-wedding-dress-2024","15":"product_tag-fashion-forward-bride-2024","16":"product_tag-flowing-skirt-gown-2024","17":"product_tag-front-slit-wedding-dress-2024","18":"product_tag-graceful-wedding-attire-2024","19":"product_tag-luxury-wedding-dress-2024","20":"product_tag-modern-bride-gown-2024","21":"product_tag-nebo-wedding-dress-2024","22":"product_tag-sparkling-fabric-gown-2024","23":"product_tag-timeless-bridal-gown-2024","24":"wcpa_has_options","26":"first","27":"outofstock","28":"sale","29":"purchasable","30":"product-type-simple"},"aioseo_notices":[],"_links":{"self":[{"href":"https:\/\/nebowedding.com\/tr\/wp-json\/wp\/v2\/product\/170"}],"collection":[{"href":"https:\/\/nebowedding.com\/tr\/wp-json\/wp\/v2\/product"}],"about":[{"href":"https:\/\/nebowedding.com\/tr\/wp-json\/wp\/v2\/types\/product"}],"wp:featuredmedia":[{"embeddable":true,"href":"https:\/\/nebowedding.com\/tr\/wp-json\/wp\/v2\/media\/1790"}],"wp:attachment":[{"href":"https:\/\/nebowedding.com\/tr\/wp-json\/wp\/v2\/media?parent=170"}],"wp:term":[{"taxonomy":"product_cat","embeddable":true,"href":"https:\/\/nebowedding.com\/tr\/wp-json\/wp\/v2\/product_cat?post=170"},{"taxonomy":"product_tag","embeddable":true,"href":"https:\/\/nebowedding.com\/tr\/wp-json\/wp\/v2\/product_tag?post=170"}],"curies":[{"name":"wp","href":"https:\/\/api.w.org\/{rel}","templated":true}]}}