{"id":1397,"date":"2024-03-31T14:10:00","date_gmt":"2024-03-31T13:10:00","guid":{"rendered":"https:\/\/nebowedding.com\/?page_id=1397"},"modified":"2024-04-30T11:53:43","modified_gmt":"2024-04-30T08:53:43","slug":"contact-us","status":"publish","type":"page","link":"https:\/\/nebowedding.com\/tr\/contact-us\/","title":{"rendered":"\u0130leti\u015fim"},"content":{"rendered":"<p><strong>Nebo Wedding<\/strong>&nbsp;\u2014 Hayallerinizin Ger\u00e7e\u011fe D\u00f6n\u00fc\u015ft\u00fc\u011f\u00fc Yer<\/p><p><strong>Bizi Ziyaret Edin:<\/strong>&nbsp;Gen\u00e7lik Mah., I\u015f\u0131klar Cad.,No:36\/5 07100 Muratpa\u015fa\/Antalya <\/p><p><strong>E-posta:<\/strong>&nbsp;info@nebowedding.com<\/p><p><strong>\u00c7al\u0131\u015fma saatlerimiz:<\/strong>&nbsp;Her g\u00fcn 10:00'dan 19:00'a kadar<\/p><p><\/p><figure class=\"wp-block-image size-full is-resized\"><a href=\"https:\/\/www.instagram.com\/nebo7_bridal\/\"><img decoding=\"async\" width=\"280\" height=\"100\" src=\"https:\/\/nebowedding.com\/wp-content\/uploads\/2024\/03\/59-590993_follow-us-on-instagram-logo-png-clipart.png\" alt=\"\" class=\"wp-image-1412\" style=\"width:179px;height:auto\"\/><\/a><\/figure><p><strong>Harita<\/strong>&nbsp;<\/p><table width=\"100%\" height=\"100%\" style=\"border:0;\">\n  <tr>\n    <td align=\"center\" valign=\"middle\">\n      <iframe src=\"https:\/\/www.google.com\/maps\/embed?pb=!1m17!1m12!1m3!1d797.898236581016!2d30.710882169611885!3d36.87616099826408!2m3!1f0!2f0!3f0!3m2!1i1024!2i768!4f13.1!3m2!1m1!2zMzbCsDUyJzM0LjIiTiAzMMKwNDInNDEuNSJF!5e0!3m2!1str!2str!4v1711890563497!5m2!1str!2str\" width=\"600\" height=\"450\" style=\"border:0;\" allowfullscreen=\"\" loading=\"lazy\" referrerpolicy=\"no-referrer-when-downgrade\"><\/iframe>\n    <\/td>\n  <\/tr>\n<\/table><p><strong>\u0130leti\u015fim Formu:<\/strong>&nbsp;Ki\u015fiselle\u015ftirilmi\u015f bir deneyim i\u00e7in l\u00fctfen a\u015fa\u011f\u0131daki formu bilgilerinizi girerek doldurun; dan\u0131\u015fmanlar\u0131m\u0131z en k\u0131sa s\u00fcrede sizinle ileti\u015fime ge\u00e7ecektir.<\/p><style id=\"wpforms-css-vars-root\">\n\t\t\t\t:root {\n\t\t\t\t\t--wpforms-field-border-radius: 3px;\n--wpforms-field-border-style: solid;\n--wpforms-field-border-size: 1px;\n--wpforms-field-background-color: #ffffff;\n--wpforms-field-border-color: rgba( 0, 0, 0, 0.25 );\n--wpforms-field-border-color-spare: rgba( 0, 0, 0, 0.25 );\n--wpforms-field-text-color: rgba( 0, 0, 0, 0.7 );\n--wpforms-field-menu-color: #ffffff;\n--wpforms-label-color: rgba( 0, 0, 0, 0.85 );\n--wpforms-label-sublabel-color: rgba( 0, 0, 0, 0.55 );\n--wpforms-label-error-color: #d63637;\n--wpforms-button-border-radius: 3px;\n--wpforms-button-border-style: none;\n--wpforms-button-border-size: 1px;\n--wpforms-button-background-color: #066aab;\n--wpforms-button-border-color: #066aab;\n--wpforms-button-text-color: #ffffff;\n--wpforms-page-break-color: #066aab;\n--wpforms-background-image: none;\n--wpforms-background-position: center center;\n--wpforms-background-repeat: no-repeat;\n--wpforms-background-size: cover;\n--wpforms-background-width: 100px;\n--wpforms-background-height: 100px;\n--wpforms-background-color: rgba( 0, 0, 0, 0 );\n--wpforms-background-url: none;\n--wpforms-container-padding: 0px;\n--wpforms-container-border-style: none;\n--wpforms-container-border-width: 1px;\n--wpforms-container-border-color: #000000;\n--wpforms-container-border-radius: 3px;\n--wpforms-field-size-input-height: 43px;\n--wpforms-field-size-input-spacing: 15px;\n--wpforms-field-size-font-size: 16px;\n--wpforms-field-size-line-height: 19px;\n--wpforms-field-size-padding-h: 14px;\n--wpforms-field-size-checkbox-size: 16px;\n--wpforms-field-size-sublabel-spacing: 5px;\n--wpforms-field-size-icon-size: 1;\n--wpforms-label-size-font-size: 16px;\n--wpforms-label-size-line-height: 19px;\n--wpforms-label-size-sublabel-font-size: 14px;\n--wpforms-label-size-sublabel-line-height: 17px;\n--wpforms-button-size-font-size: 17px;\n--wpforms-button-size-height: 41px;\n--wpforms-button-size-padding-h: 15px;\n--wpforms-button-size-margin-top: 10px;\n--wpforms-container-shadow-size-box-shadow: none;\n\n\t\t\t\t}\n\t\t\t<\/style><style id=\"wpforms-css-vars-1399-block-1820c711-bb5d-499b-a466-b7f26b5b7935\">\n\t\t\t\t#wpforms-1399.wpforms-block-1820c711-bb5d-499b-a466-b7f26b5b7935 {\n\t\t\t\t\t--wpforms-label-color: #333333;\n--wpforms-button-background-color: #303f9f;\n\n\t\t\t\t}\n\t\t\t<\/style><div class=\"wpforms-container wpforms-container-full wpforms-block wpforms-block-1820c711-bb5d-499b-a466-b7f26b5b7935 wpforms-render-modern\" id=\"wpforms-1399\"><form id=\"wpforms-form-1399\" class=\"wpforms-validate wpforms-form wpforms-ajax-form\" data-formid=\"1399\" method=\"post\" enctype=\"multipart\/form-data\" action=\"\/tr\/wp-json\/wp\/v2\/pages\/1397\" data-token=\"4e84c987cba110166a12eb97ae16303f\" data-token-time=\"1776380929\" data-trp-original-action=\"\/tr\/wp-json\/wp\/v2\/pages\/1397\"><noscript class=\"wpforms-error-noscript\">Bu form\u00fcl\u00fc bitirebilmek i\u00e7in taray\u0131c\u0131n\u0131zda JavaScript&#039;i etkinle\u015ftirin.<\/noscript><div class=\"wpforms-hidden\" id=\"wpforms-error-noscript\">Bu form\u00fcl\u00fc bitirebilmek i\u00e7in taray\u0131c\u0131n\u0131zda JavaScript&#039;i etkinle\u015ftirin.<\/div><div class=\"wpforms-field-container\"><div id=\"wpforms-1399-field_0-container\" class=\"wpforms-field wpforms-field-name font-size 12px color f4f4f4\" data-field-id=\"0\"><label class=\"wpforms-field-label\" for=\"wpforms-1399-field_0\">\u0130sim <span class=\"wpforms-required-label\" aria-hidden=\"true\">*<\/span><\/label><input type=\"text\" id=\"wpforms-1399-field_0\" class=\"wpforms-field-medium wpforms-field-required\" name=\"wpforms[fields][0]\" aria-errormessage=\"wpforms-1399-field_0-error\" required><\/div><div id=\"wpforms-1399-field_1-container\" class=\"wpforms-field wpforms-field-email\" data-field-id=\"1\"><label class=\"wpforms-field-label\" for=\"wpforms-1399-field_1\">E-posta <span class=\"wpforms-required-label\" aria-hidden=\"true\">*<\/span><\/label><input type=\"email\" id=\"wpforms-1399-field_1\" class=\"wpforms-field-medium wpforms-field-required\" name=\"wpforms[fields][1]\" spellcheck=\"false\" aria-errormessage=\"wpforms-1399-field_1-error\" required><\/div><div id=\"wpforms-1399-field_2-container\" class=\"wpforms-field wpforms-field-textarea\" data-field-id=\"2\"><label class=\"wpforms-field-label\" for=\"wpforms-1399-field_2\">Mesaj\u0131n\u0131z<\/label><textarea id=\"wpforms-1399-field_2\" class=\"wpforms-field-medium\" name=\"wpforms[fields][2]\" aria-errormessage=\"wpforms-1399-field_2-error\" ><\/textarea><\/div><\/div><!-- .wpforms-field-container --><div class=\"wpforms-submit-container\" ><input type=\"hidden\" name=\"wpforms[id]\" value=\"1399\"><input type=\"hidden\" name=\"page_title\" value=\"\"><input type=\"hidden\" name=\"page_url\" value=\"https:\/\/nebowedding.com\/tr\/wp-json\/wp\/v2\/pages\/1397\"><button type=\"submit\" name=\"wpforms[submit]\" id=\"wpforms-submit-1399\" class=\"wpforms-submit\" data-alt-text=\"Sending...\" data-submit-text=\"Submit\" aria-live=\"assertive\" value=\"wpforms-submit\">G\u00f6nder<\/button><img decoding=\"async\" src=\"https:\/\/nebowedding.com\/wp-content\/plugins\/wpforms-lite\/assets\/images\/submit-spin.svg\" class=\"wpforms-submit-spinner\" style=\"display: none;\" width=\"26\" height=\"26\" alt=\"Y\u00fckleniyor\"><\/div><input type=\"hidden\" name=\"trp-form-language\" value=\"tr\"\/><\/form><\/div>  <!-- .wpforms-container -->","protected":false},"excerpt":{"rendered":"<p>Nebo Wedding \u2014 Hayallerin \u015eekillendi\u011fi Yer Bizi Ziyaret Edin: Genclik, I\u015f\u0131klar Caddesi, 36\/5 07100 Muratpa\u015fa\/Antalya E-posta: info@nebowedding.com \u00c7al\u0131\u015fma Saatleri: Pazartesi \u2013 Cumartesi: 10:00 - 19:00 Harita ve Yol Tarifi: Bilgi Formu: Ki\u015fiselle\u015ftirilmi\u015f bir deneyim i\u00e7in l\u00fctfen a\u015fa\u011f\u0131daki formu bilgilerinizle doldurun ve gelin dan\u0131\u015fmanlar\u0131m\u0131z k\u0131sa s\u00fcre i\u00e7inde sizinle ileti\u015fime ge\u00e7ecektir.<\/p>","protected":false},"author":1,"featured_media":0,"parent":0,"menu_order":0,"comment_status":"closed","ping_status":"closed","template":"","meta":{"footnotes":""},"class_list":["post-1397","page","type-page","status-publish","hentry"],"aioseo_notices":[],"_links":{"self":[{"href":"https:\/\/nebowedding.com\/tr\/wp-json\/wp\/v2\/pages\/1397"}],"collection":[{"href":"https:\/\/nebowedding.com\/tr\/wp-json\/wp\/v2\/pages"}],"about":[{"href":"https:\/\/nebowedding.com\/tr\/wp-json\/wp\/v2\/types\/page"}],"author":[{"embeddable":true,"href":"https:\/\/nebowedding.com\/tr\/wp-json\/wp\/v2\/users\/1"}],"replies":[{"embeddable":true,"href":"https:\/\/nebowedding.com\/tr\/wp-json\/wp\/v2\/comments?post=1397"}],"version-history":[{"count":14,"href":"https:\/\/nebowedding.com\/tr\/wp-json\/wp\/v2\/pages\/1397\/revisions"}],"predecessor-version":[{"id":1718,"href":"https:\/\/nebowedding.com\/tr\/wp-json\/wp\/v2\/pages\/1397\/revisions\/1718"}],"wp:attachment":[{"href":"https:\/\/nebowedding.com\/tr\/wp-json\/wp\/v2\/media?parent=1397"}],"curies":[{"name":"wp","href":"https:\/\/api.w.org\/{rel}","templated":true}]}}