{"id":1350,"date":"2024-03-31T11:36:18","date_gmt":"2024-03-31T10:36:18","guid":{"rendered":"https:\/\/nebowedding.com\/?page_id=1350"},"modified":"2024-04-30T11:52:30","modified_gmt":"2024-04-30T08:52:30","slug":"design-the-wedding-dress-of-your-dreams","status":"publish","type":"page","link":"https:\/\/nebowedding.com\/tr\/design-the-wedding-dress-of-your-dreams\/","title":{"rendered":"Hayalinizdeki Gelinli\u011fi Tasarlay\u0131n"},"content":{"rendered":"<p>Tarz\u0131n\u0131z\u0131 ve ki\u015fili\u011finizi yans\u0131tan bir gelinlik mi istiyorsunuz?\n\nDeneyimli tasar\u0131mc\u0131lar\u0131m\u0131zla el ele \u00e7al\u0131\u015farak hayalinizdeki gelinli\u011fi tasarlaman\u0131za yard\u0131mc\u0131 oluyoruz.\n\nNe sunuyoruz?\n\nKi\u015fiye \u00f6zel tasar\u0131m: \u0130lham\u0131n\u0131z\u0131 ve hayallerinizi bizimle payla\u015f\u0131n. Sizi en iyi \u015fekilde yans\u0131tan gelinli\u011fi tasarlamak i\u00e7in size rehberlik edelim.\nGeni\u015f kuma\u015f ve model se\u00e7ene\u011fi: Farkl\u0131 kuma\u015flar ve modeller aras\u0131ndan se\u00e7im yaparak tarz\u0131n\u0131za en uygun gelinli\u011fi olu\u015fturabilirsiniz.\n\u00d6zel detaylar: Elbisenizi ger\u00e7ekten benzersiz k\u0131lan \u00f6zel detaylar ekleyerek onu unutulmaz k\u0131l\u0131n.<\/p><p>Hayallerinizdeki gelinli\u011fe bir ad\u0131m daha yakla\u015fmak i\u00e7in bize ula\u015f\u0131n!<\/p><style id=\"wpforms-css-vars-root\">\n\t\t\t\t:root {\n\t\t\t\t\t--wpforms-field-border-radius: 3px;\n--wpforms-field-border-style: solid;\n--wpforms-field-border-size: 1px;\n--wpforms-field-background-color: #ffffff;\n--wpforms-field-border-color: rgba( 0, 0, 0, 0.25 );\n--wpforms-field-border-color-spare: rgba( 0, 0, 0, 0.25 );\n--wpforms-field-text-color: rgba( 0, 0, 0, 0.7 );\n--wpforms-field-menu-color: #ffffff;\n--wpforms-label-color: rgba( 0, 0, 0, 0.85 );\n--wpforms-label-sublabel-color: rgba( 0, 0, 0, 0.55 );\n--wpforms-label-error-color: #d63637;\n--wpforms-button-border-radius: 3px;\n--wpforms-button-border-style: none;\n--wpforms-button-border-size: 1px;\n--wpforms-button-background-color: #066aab;\n--wpforms-button-border-color: #066aab;\n--wpforms-button-text-color: #ffffff;\n--wpforms-page-break-color: #066aab;\n--wpforms-background-image: none;\n--wpforms-background-position: center center;\n--wpforms-background-repeat: no-repeat;\n--wpforms-background-size: cover;\n--wpforms-background-width: 100px;\n--wpforms-background-height: 100px;\n--wpforms-background-color: rgba( 0, 0, 0, 0 );\n--wpforms-background-url: none;\n--wpforms-container-padding: 0px;\n--wpforms-container-border-style: none;\n--wpforms-container-border-width: 1px;\n--wpforms-container-border-color: #000000;\n--wpforms-container-border-radius: 3px;\n--wpforms-field-size-input-height: 43px;\n--wpforms-field-size-input-spacing: 15px;\n--wpforms-field-size-font-size: 16px;\n--wpforms-field-size-line-height: 19px;\n--wpforms-field-size-padding-h: 14px;\n--wpforms-field-size-checkbox-size: 16px;\n--wpforms-field-size-sublabel-spacing: 5px;\n--wpforms-field-size-icon-size: 1;\n--wpforms-label-size-font-size: 16px;\n--wpforms-label-size-line-height: 19px;\n--wpforms-label-size-sublabel-font-size: 14px;\n--wpforms-label-size-sublabel-line-height: 17px;\n--wpforms-button-size-font-size: 17px;\n--wpforms-button-size-height: 41px;\n--wpforms-button-size-padding-h: 15px;\n--wpforms-button-size-margin-top: 10px;\n--wpforms-container-shadow-size-box-shadow: none;\n\n\t\t\t\t}\n\t\t\t<\/style><style id=\"wpforms-css-vars-1368-block-49524cac-d4e1-44be-8900-f4c173181656\">\n\t\t\t\t#wpforms-1368.wpforms-block-49524cac-d4e1-44be-8900-f4c173181656 {\n\t\t\t\t\t--wpforms-label-color: #333333;\n--wpforms-button-background-color: #303f9f;\n\n\t\t\t\t}\n\t\t\t<\/style><div class=\"wpforms-container wpforms-container-full wpforms-block wpforms-block-49524cac-d4e1-44be-8900-f4c173181656 wpforms-render-modern\" id=\"wpforms-1368\"><form id=\"wpforms-form-1368\" class=\"wpforms-validate wpforms-form wpforms-ajax-form\" data-formid=\"1368\" method=\"post\" enctype=\"multipart\/form-data\" action=\"\/tr\/wp-json\/wp\/v2\/pages\/1350\" data-token=\"06b8a6aa4bb3d043d6bdfe96c6ac3a47\" data-token-time=\"1776380949\" data-trp-original-action=\"\/tr\/wp-json\/wp\/v2\/pages\/1350\"><noscript class=\"wpforms-error-noscript\">Bu form\u00fcl\u00fc bitirebilmek i\u00e7in taray\u0131c\u0131n\u0131zda JavaScript&#039;i etkinle\u015ftirin.<\/noscript><div class=\"wpforms-hidden\" id=\"wpforms-error-noscript\">Bu form\u00fcl\u00fc bitirebilmek i\u00e7in taray\u0131c\u0131n\u0131zda JavaScript&#039;i etkinle\u015ftirin.<\/div><div class=\"wpforms-field-container\"><div id=\"wpforms-1368-field_0-container\" class=\"wpforms-field wpforms-field-name font-size 12px color f4f4f4\" data-field-id=\"0\"><label class=\"wpforms-field-label\" for=\"wpforms-1368-field_0\">\u0130sim <span class=\"wpforms-required-label\" aria-hidden=\"true\">*<\/span><\/label><input type=\"text\" id=\"wpforms-1368-field_0\" class=\"wpforms-field-medium wpforms-field-required\" name=\"wpforms[fields][0]\" aria-errormessage=\"wpforms-1368-field_0-error\" required><\/div><div id=\"wpforms-1368-field_1-container\" class=\"wpforms-field wpforms-field-email\" data-field-id=\"1\"><label class=\"wpforms-field-label\" for=\"wpforms-1368-field_1\">E-posta <span class=\"wpforms-required-label\" aria-hidden=\"true\">*<\/span><\/label><input type=\"email\" id=\"wpforms-1368-field_1\" class=\"wpforms-field-medium wpforms-field-required\" name=\"wpforms[fields][1]\" spellcheck=\"false\" aria-errormessage=\"wpforms-1368-field_1-error\" required><\/div><div id=\"wpforms-1368-field_3-container\" class=\"wpforms-field wpforms-field-number\" data-field-id=\"3\"><label class=\"wpforms-field-label\" for=\"wpforms-1368-field_3\">Telefon numaras\u0131<\/label><input type=\"number\" id=\"wpforms-1368-field_3\" class=\"wpforms-field-medium\" name=\"wpforms[fields][3]\" placeholder=\"Telefon numaras\u0131\" aria-errormessage=\"wpforms-1368-field_3-error\" ><\/div><div id=\"wpforms-1368-field_2-container\" class=\"wpforms-field wpforms-field-textarea\" data-field-id=\"2\"><label class=\"wpforms-field-label\" for=\"wpforms-1368-field_2\">Kendinizi nas\u0131l hissetmek istiyorsunuz?\nHangi stilleri seviyorsunuz?\nHangi kuma\u015flar\u0131 seviyorsunuz?<\/label><textarea id=\"wpforms-1368-field_2\" class=\"wpforms-field-medium wpforms-limit-characters-enabled\" data-form-id=\"1368\" data-field-id=\"2\" data-text-limit=\"500\" name=\"wpforms[fields][2]\" aria-errormessage=\"wpforms-1368-field_2-error\" maxlength=\"500\" ><\/textarea><\/div><\/div><!-- .wpforms-field-container --><div class=\"wpforms-submit-container\" ><input type=\"hidden\" name=\"wpforms[id]\" value=\"1368\"><input type=\"hidden\" name=\"page_title\" value=\"\"><input type=\"hidden\" name=\"page_url\" value=\"https:\/\/nebowedding.com\/tr\/wp-json\/wp\/v2\/pages\/1350\"><button type=\"submit\" name=\"wpforms[submit]\" id=\"wpforms-submit-1368\" class=\"wpforms-submit\" data-alt-text=\"Sending...\" data-submit-text=\"Submit &amp; Start Designing!\" aria-live=\"assertive\" value=\"wpforms-submit\">Tasarlamaya ba\u015flay\u0131n<\/button><img decoding=\"async\" src=\"https:\/\/nebowedding.com\/wp-content\/plugins\/wpforms-lite\/assets\/images\/submit-spin.svg\" class=\"wpforms-submit-spinner\" style=\"display: none;\" width=\"26\" height=\"26\" alt=\"Y\u00fckleniyor\"><\/div><input type=\"hidden\" name=\"trp-form-language\" value=\"tr\"\/><\/form><\/div>  <!-- .wpforms-container -->","protected":false},"excerpt":{"rendered":"<p>D\u00fc\u011f\u00fcn elbiseniz, e\u015fsiz tarz\u0131n\u0131z\u0131n ve bireyselli\u011finizin bir ifadesi olmal\u0131d\u0131r. Bu nedenle, deneyimli tasar\u0131mc\u0131lar\u0131m\u0131zla birlikte \u00e7al\u0131\u015faca\u011f\u0131n\u0131z \u00f6zel tasar\u0131m hizmeti sunuyoruz. \u0130lham\u0131n\u0131z\u0131, hayallerinizi payla\u015f\u0131n, biz de kuma\u015flar\u0131, sil\u00fcetleri ve elbisenizi ger\u00e7ekten e\u015fsiz k\u0131lan o \u00f6zel detaylar\u0131 se\u00e7menizde size rehberlik edelim. Fikirlerinizi payla\u015f\u0131n [\u2026]<\/p>","protected":false},"author":1,"featured_media":0,"parent":0,"menu_order":0,"comment_status":"closed","ping_status":"closed","template":"","meta":{"footnotes":""},"class_list":["post-1350","page","type-page","status-publish","hentry"],"aioseo_notices":[],"_links":{"self":[{"href":"https:\/\/nebowedding.com\/tr\/wp-json\/wp\/v2\/pages\/1350"}],"collection":[{"href":"https:\/\/nebowedding.com\/tr\/wp-json\/wp\/v2\/pages"}],"about":[{"href":"https:\/\/nebowedding.com\/tr\/wp-json\/wp\/v2\/types\/page"}],"author":[{"embeddable":true,"href":"https:\/\/nebowedding.com\/tr\/wp-json\/wp\/v2\/users\/1"}],"replies":[{"embeddable":true,"href":"https:\/\/nebowedding.com\/tr\/wp-json\/wp\/v2\/comments?post=1350"}],"version-history":[{"count":15,"href":"https:\/\/nebowedding.com\/tr\/wp-json\/wp\/v2\/pages\/1350\/revisions"}],"predecessor-version":[{"id":1717,"href":"https:\/\/nebowedding.com\/tr\/wp-json\/wp\/v2\/pages\/1350\/revisions\/1717"}],"wp:attachment":[{"href":"https:\/\/nebowedding.com\/tr\/wp-json\/wp\/v2\/media?parent=1350"}],"curies":[{"name":"wp","href":"https:\/\/api.w.org\/{rel}","templated":true}]}}